{"id":350,"date":"2022-10-23T19:35:34","date_gmt":"2022-10-23T22:35:34","guid":{"rendered":"http:\/\/3.85.29.76\/?page_id=350"},"modified":"2023-03-24T01:04:42","modified_gmt":"2023-03-24T04:04:42","slug":"cadastro-e-topografia","status":"publish","type":"page","link":"http:\/\/3.85.29.76\/?page_id=350","title":{"rendered":"Cadastro e Topografia"},"content":{"rendered":"\t\t<div data-elementor-type=\"wp-page\" data-elementor-id=\"350\" class=\"elementor elementor-350\">\r\n\t\t\t\t\t\t\t\t\t<section class=\"elementor-section elementor-top-section elementor-element elementor-element-9e0dd44 elementor-section-full_width elementor-section-height-min-height elementor-section-height-default elementor-section-items-middle\" data-id=\"9e0dd44\" data-element_type=\"section\" data-settings=\"{&quot;background_background&quot;:&quot;slideshow&quot;,&quot;background_slideshow_gallery&quot;:[{&quot;id&quot;:535,&quot;url&quot;:&quot;http:\\\/\\\/3.85.29.76\\\/wp-content\\\/uploads\\\/2022\\\/11\\\/FOTO_CAPA_SOBRE_NOS_-scaled.jpg&quot;}],&quot;background_slideshow_loop&quot;:&quot;yes&quot;,&quot;background_slideshow_slide_duration&quot;:5000,&quot;background_slideshow_slide_transition&quot;:&quot;fade&quot;,&quot;background_slideshow_transition_duration&quot;:500}\">\r\n\t\t\t\t\t\t\t<div class=\"elementor-background-overlay\"><\/div>\r\n\t\t\t\t\t\t\t<div class=\"elementor-container elementor-column-gap-default\">\r\n\t\t\t\t\t<div class=\"elementor-column elementor-col-100 elementor-top-column elementor-element elementor-element-595e635\" data-id=\"595e635\" data-element_type=\"column\">\r\n\t\t\t<div class=\"elementor-widget-wrap elementor-element-populated\">\r\n\t\t\t\t\t\t\t\t<section class=\"elementor-section elementor-inner-section elementor-element elementor-element-16c07ba elementor-section-boxed elementor-section-height-default elementor-section-height-default\" data-id=\"16c07ba\" data-element_type=\"section\">\r\n\t\t\t\t\t\t<div class=\"elementor-container elementor-column-gap-default\">\r\n\t\t\t\t\t<div class=\"elementor-column elementor-col-100 elementor-inner-column elementor-element elementor-element-faa1956\" data-id=\"faa1956\" data-element_type=\"column\" data-settings=\"{&quot;background_background&quot;:&quot;classic&quot;}\">\r\n\t\t\t<div class=\"elementor-widget-wrap elementor-element-populated\">\r\n\t\t\t\t\t\t\t\t<div class=\"elementor-element elementor-element-95261ef elementor-widget elementor-widget-heading\" data-id=\"95261ef\" data-element_type=\"widget\" data-widget_type=\"heading.default\">\r\n\t\t\t\t<div class=\"elementor-widget-container\">\r\n\t\t\t<style>\/*! elementor - v3.7.8 - 02-10-2022 *\/\r\n.elementor-heading-title{padding:0;margin:0;line-height:1}.elementor-widget-heading .elementor-heading-title[class*=elementor-size-]>a{color:inherit;font-size:inherit;line-height:inherit}.elementor-widget-heading .elementor-heading-title.elementor-size-small{font-size:15px}.elementor-widget-heading .elementor-heading-title.elementor-size-medium{font-size:19px}.elementor-widget-heading .elementor-heading-title.elementor-size-large{font-size:29px}.elementor-widget-heading .elementor-heading-title.elementor-size-xl{font-size:39px}.elementor-widget-heading .elementor-heading-title.elementor-size-xxl{font-size:59px}<\/style><h2 class=\"elementor-heading-title elementor-size-default\">Cadastro e Topografia<\/h2>\t\t<\/div>\r\n\t\t\t\t<\/div>\r\n\t\t\t\t\t<\/div>\r\n\t\t<\/div>\r\n\t\t\t\t\t\t\t<\/div>\r\n\t\t<\/section>\r\n\t\t\t\t\t<\/div>\r\n\t\t<\/div>\r\n\t\t\t\t\t\t\t<\/div>\r\n\t\t<\/section>\r\n\t\t\t\t<section class=\"elementor-section elementor-top-section elementor-element elementor-element-a31f11c elementor-section-full_width elementor-section-content-middle elementor-reverse-tablet elementor-reverse-mobile elementor-section-height-default elementor-section-height-default\" data-id=\"a31f11c\" data-element_type=\"section\" data-settings=\"{&quot;background_background&quot;:&quot;classic&quot;}\">\r\n\t\t\t\t\t\t<div class=\"elementor-container elementor-column-gap-no\">\r\n\t\t\t\t\t<div class=\"elementor-column elementor-col-50 elementor-top-column elementor-element elementor-element-369dd58\" data-id=\"369dd58\" data-element_type=\"column\">\r\n\t\t\t<div class=\"elementor-widget-wrap elementor-element-populated\">\r\n\t\t\t\t\t\t\t\t<div class=\"elementor-element elementor-element-a45cc26 elementor-widget elementor-widget-heading\" data-id=\"a45cc26\" data-element_type=\"widget\" data-widget_type=\"heading.default\">\r\n\t\t\t\t<div class=\"elementor-widget-container\">\r\n\t\t\t<h1 class=\"elementor-heading-title elementor-size-default\">Cadastro e topografia<\/h1>\t\t<\/div>\r\n\t\t\t\t<\/div>\r\n\t\t\t\t<div class=\"elementor-element elementor-element-a9af0a7 elementor-widget elementor-widget-text-editor\" data-id=\"a9af0a7\" data-element_type=\"widget\" data-widget_type=\"text-editor.default\">\r\n\t\t\t\t<div class=\"elementor-widget-container\">\r\n\t\t\t<style>\/*! elementor - v3.7.8 - 02-10-2022 *\/\r\n.elementor-widget-text-editor.elementor-drop-cap-view-stacked .elementor-drop-cap{background-color:#818a91;color:#fff}.elementor-widget-text-editor.elementor-drop-cap-view-framed .elementor-drop-cap{color:#818a91;border:3px solid;background-color:transparent}.elementor-widget-text-editor:not(.elementor-drop-cap-view-default) .elementor-drop-cap{margin-top:8px}.elementor-widget-text-editor:not(.elementor-drop-cap-view-default) .elementor-drop-cap-letter{width:1em;height:1em}.elementor-widget-text-editor .elementor-drop-cap{float:left;text-align:center;line-height:1;font-size:50px}.elementor-widget-text-editor .elementor-drop-cap-letter{display:inline-block}<\/style>\t\t\t\t<p>Composta por uma equipe multidisciplinar e liderada por Engenheiros Cart\u00f3grafos e Agrimensores, a HIPARC disp\u00f5em de experi\u00eancia s\u00f3lida e infraestrutura robusta para melhor atender os seus clientes nas demandas de:<\/p><ul><li>Cadastro T\u00e9cnico Multifinalit\u00e1rio<\/li><li><span style=\"background-color: transparent; color: var( --e-global-color-text ); font-family: var( --e-global-typography-text-font-family ), Sans-serif; font-style: var( --e-global-typography-text-font-style ); font-weight: var( --e-global-typography-text-font-weight ); letter-spacing: var( --e-global-typography-text-letter-spacing ); text-transform: var( --e-global-typography-text-text-transform );\">Levantamentos Topogr\u00e1ficos conforme NBR 13.133<\/span><\/li><li><span style=\"background-color: transparent; color: var( --e-global-color-text ); font-family: var( --e-global-typography-text-font-family ), Sans-serif; font-style: var( --e-global-typography-text-font-style ); font-weight: var( --e-global-typography-text-font-weight ); letter-spacing: var( --e-global-typography-text-letter-spacing ); text-transform: var( --e-global-typography-text-text-transform );\">Georreferenciamento de Im\u00f3veis Rurais padr\u00e3o INCRA conforme lei 10.267 e suas revis\u00f5es<\/span><\/li><li>Nivelamento geom\u00e9trico, implanta\u00e7\u00e3o de marcos, topografia industrial e levantamento topogr\u00e1fico para PCHS\/ UHES<\/li><li>Levantamento cadastral f\u00edsico, jur\u00eddico, agr\u00edcola e socioecon\u00f4mico<\/li><li>Atualiza\u00e7\u00e3o de Base Cartogr\u00e1fica Planialtim\u00e9trica Urbana e Rural associada \u00e0 servi\u00e7os de Regulariza\u00e7\u00e3o Fundi\u00e1ria<\/li><li>Elabora\u00e7\u00e3o da Planta Gen\u00e9rica de Valores (PGV)<\/li><li>Laudos t\u00e9cnicos e avalia\u00e7\u00e3o de im\u00f3veis NBR 14.654 e IBAPE.<\/li><\/ul>\t\t\t\t\t\t<\/div>\r\n\t\t\t\t<\/div>\r\n\t\t\t\t\t<\/div>\r\n\t\t<\/div>\r\n\t\t\t\t<div class=\"elementor-column elementor-col-50 elementor-top-column elementor-element elementor-element-0abb060 elementor-hidden-mobile\" data-id=\"0abb060\" data-element_type=\"column\" data-settings=\"{&quot;background_background&quot;:&quot;slideshow&quot;,&quot;background_slideshow_gallery&quot;:[],&quot;background_slideshow_loop&quot;:&quot;yes&quot;,&quot;background_slideshow_slide_duration&quot;:5000,&quot;background_slideshow_slide_transition&quot;:&quot;fade&quot;,&quot;background_slideshow_transition_duration&quot;:500}\">\r\n\t\t\t<div class=\"elementor-widget-wrap elementor-element-populated\">\r\n\t\t\t\t\t\t\t\t<div class=\"elementor-element elementor-element-2f11a11 elementor-widget elementor-widget-image\" data-id=\"2f11a11\" data-element_type=\"widget\" data-widget_type=\"image.default\">\r\n\t\t\t\t<div class=\"elementor-widget-container\">\r\n\t\t\t<style>\/*! elementor - v3.7.8 - 02-10-2022 *\/\r\n.elementor-widget-image{text-align:center}.elementor-widget-image a{display:inline-block}.elementor-widget-image a img[src$=\".svg\"]{width:48px}.elementor-widget-image img{vertical-align:middle;display:inline-block}<\/style>\t\t\t\t\t\t\t\t\t\t\t\t<img loading=\"lazy\" decoding=\"async\" width=\"2560\" height=\"2560\" src=\"http:\/\/3.85.29.76\/wp-content\/uploads\/2022\/11\/FOTO_CADASTRO_TOPOGRAFIA-1-scaled.jpg\" class=\"attachment-full size-full\" alt=\"\" srcset=\"http:\/\/3.85.29.76\/wp-content\/uploads\/2022\/11\/FOTO_CADASTRO_TOPOGRAFIA-1-scaled.jpg 2560w, http:\/\/3.85.29.76\/wp-content\/uploads\/2022\/11\/FOTO_CADASTRO_TOPOGRAFIA-1-300x300.jpg 300w, http:\/\/3.85.29.76\/wp-content\/uploads\/2022\/11\/FOTO_CADASTRO_TOPOGRAFIA-1-1024x1024.jpg 1024w, http:\/\/3.85.29.76\/wp-content\/uploads\/2022\/11\/FOTO_CADASTRO_TOPOGRAFIA-1-150x150.jpg 150w, http:\/\/3.85.29.76\/wp-content\/uploads\/2022\/11\/FOTO_CADASTRO_TOPOGRAFIA-1-768x768.jpg 768w, http:\/\/3.85.29.76\/wp-content\/uploads\/2022\/11\/FOTO_CADASTRO_TOPOGRAFIA-1-1536x1536.jpg 1536w, http:\/\/3.85.29.76\/wp-content\/uploads\/2022\/11\/FOTO_CADASTRO_TOPOGRAFIA-1-2048x2048.jpg 2048w\" sizes=\"auto, (max-width: 2560px) 100vw, 2560px\" \/>\t\t\t\t\t\t\t\t\t\t\t\t\t\t\t<\/div>\r\n\t\t\t\t<\/div>\r\n\t\t\t\t\t<\/div>\r\n\t\t<\/div>\r\n\t\t\t\t\t\t\t<\/div>\r\n\t\t<\/section>\r\n\t\t\t\t<section class=\"elementor-section elementor-top-section elementor-element elementor-element-3efe7c1 elementor-section-full_width elementor-section-content-middle elementor-reverse-mobile elementor-section-height-default elementor-section-height-default\" data-id=\"3efe7c1\" data-element_type=\"section\" data-settings=\"{&quot;background_background&quot;:&quot;classic&quot;}\">\r\n\t\t\t\t\t\t<div class=\"elementor-container elementor-column-gap-default\">\r\n\t\t\t\t\t<div class=\"elementor-column elementor-col-50 elementor-top-column elementor-element elementor-element-e5201f2\" data-id=\"e5201f2\" data-element_type=\"column\" data-settings=\"{&quot;background_background&quot;:&quot;classic&quot;}\">\r\n\t\t\t<div class=\"elementor-widget-wrap elementor-element-populated\">\r\n\t\t\t\t\t\t\t\t<div class=\"elementor-element elementor-element-3f90a1c elementor-widget elementor-widget-heading\" data-id=\"3f90a1c\" data-element_type=\"widget\" data-widget_type=\"heading.default\">\r\n\t\t\t\t<div class=\"elementor-widget-container\">\r\n\t\t\t<h2 class=\"elementor-heading-title elementor-size-default\">Entre em contato<\/h2>\t\t<\/div>\r\n\t\t\t\t<\/div>\r\n\t\t\t\t<div class=\"elementor-element elementor-element-9b968a8 elementor-widget elementor-widget-text-editor\" data-id=\"9b968a8\" data-element_type=\"widget\" data-widget_type=\"text-editor.default\">\r\n\t\t\t\t<div class=\"elementor-widget-container\">\r\n\t\t\t\t\t\t\t<p>Fa\u00e7a um or\u00e7amento ou tire suas d\u00favidas.<\/p>\t\t\t\t\t\t<\/div>\r\n\t\t\t\t<\/div>\r\n\t\t\t\t<div class=\"elementor-element elementor-element-56a285e elementor-icon-list--layout-traditional elementor-list-item-link-full_width elementor-widget elementor-widget-icon-list\" data-id=\"56a285e\" data-element_type=\"widget\" data-widget_type=\"icon-list.default\">\r\n\t\t\t\t<div class=\"elementor-widget-container\">\r\n\t\t\t<link rel=\"stylesheet\" href=\"http:\/\/3.85.29.76\/wp-content\/plugins\/elementor\/assets\/css\/widget-icon-list.min.css\">\t\t<ul class=\"elementor-icon-list-items\">\r\n\t\t\t\t\t\t\t<li class=\"elementor-icon-list-item\">\r\n\t\t\t\t\t\t\t\t\t\t\t<span class=\"elementor-icon-list-icon\">\r\n\t\t\t\t\t\t\t<i aria-hidden=\"true\" class=\"fas fa-phone-alt\"><\/i>\t\t\t\t\t\t<\/span>\r\n\t\t\t\t\t\t\t\t\t\t<span class=\"elementor-icon-list-text\">(27) 3205-4500<\/span>\r\n\t\t\t\t\t\t\t\t\t<\/li>\r\n\t\t\t\t\t\t\t\t<li class=\"elementor-icon-list-item\">\r\n\t\t\t\t\t\t\t\t\t\t\t<span class=\"elementor-icon-list-icon\">\r\n\t\t\t\t\t\t\t<i aria-hidden=\"true\" class=\"fas fa-envelope\"><\/i>\t\t\t\t\t\t<\/span>\r\n\t\t\t\t\t\t\t\t\t\t<span class=\"elementor-icon-list-text\">contato@3.85.29.76<\/span>\r\n\t\t\t\t\t\t\t\t\t<\/li>\r\n\t\t\t\t\t\t\t\t<li class=\"elementor-icon-list-item\">\r\n\t\t\t\t\t\t\t\t\t\t\t<span class=\"elementor-icon-list-icon\">\r\n\t\t\t\t\t\t\t<i aria-hidden=\"true\" class=\"fas fa-map-marker-alt\"><\/i>\t\t\t\t\t\t<\/span>\r\n\t\t\t\t\t\t\t\t\t\t<span class=\"elementor-icon-list-text\">Matriz: Rua In\u00e1cio Higino, n\u00ba 185 | Ed. Blue Office\n Sala: 801\u00e0 806 e 813 \u00e0 816 Praia da Costa | Vila Velha | ES  - CEP 29.101-435<\/span>\r\n\t\t\t\t\t\t\t\t\t<\/li>\r\n\t\t\t\t\t\t<\/ul>\r\n\t\t\t\t<\/div>\r\n\t\t\t\t<\/div>\r\n\t\t\t\t<div class=\"elementor-element elementor-element-ad31a6c elementor-widget elementor-widget-spacer\" data-id=\"ad31a6c\" data-element_type=\"widget\" data-widget_type=\"spacer.default\">\r\n\t\t\t\t<div class=\"elementor-widget-container\">\r\n\t\t\t<style>\/*! elementor - v3.7.8 - 02-10-2022 *\/\r\n.elementor-column .elementor-spacer-inner{height:var(--spacer-size)}.e-container{--container-widget-width:100%}.e-container>.elementor-widget-spacer{width:var(--container-widget-width,var(--spacer-size));-ms-flex-item-align:stretch;align-self:stretch;-ms-flex-negative:0;flex-shrink:0}.e-container>.elementor-widget-spacer>.elementor-widget-container,.e-container>.elementor-widget-spacer>.elementor-widget-container>.elementor-spacer{height:100%}.e-container>.elementor-widget-spacer>.elementor-widget-container>.elementor-spacer>.elementor-spacer-inner{height:var(--container-widget-height,var(--spacer-size))}<\/style>\t\t<div class=\"elementor-spacer\">\r\n\t\t\t<div class=\"elementor-spacer-inner\"><\/div>\r\n\t\t<\/div>\r\n\t\t\t\t<\/div>\r\n\t\t\t\t<\/div>\r\n\t\t\t\t<section class=\"elementor-section elementor-inner-section elementor-element elementor-element-d107285 elementor-section-content-middle elementor-section-boxed elementor-section-height-default elementor-section-height-default\" data-id=\"d107285\" data-element_type=\"section\">\r\n\t\t\t\t\t\t<div class=\"elementor-container elementor-column-gap-default\">\r\n\t\t\t\t\t<div class=\"elementor-column elementor-col-50 elementor-inner-column elementor-element elementor-element-3e28428\" data-id=\"3e28428\" data-element_type=\"column\">\r\n\t\t\t<div class=\"elementor-widget-wrap elementor-element-populated\">\r\n\t\t\t\t\t\t\t\t<div class=\"elementor-element elementor-element-1794c3f elementor-widget elementor-widget-image\" data-id=\"1794c3f\" data-element_type=\"widget\" data-widget_type=\"image.default\">\r\n\t\t\t\t<div class=\"elementor-widget-container\">\r\n\t\t\t\t\t\t\t\t\t\t\t\t\t\t\t<img loading=\"lazy\" decoding=\"async\" width=\"299\" height=\"276\" src=\"http:\/\/3.85.29.76\/wp-content\/uploads\/2023\/03\/ISO-9001w.png\" class=\"attachment-large size-large\" alt=\"\" \/>\t\t\t\t\t\t\t\t\t\t\t\t\t\t\t<\/div>\r\n\t\t\t\t<\/div>\r\n\t\t\t\t\t<\/div>\r\n\t\t<\/div>\r\n\t\t\t\t<div class=\"elementor-column elementor-col-50 elementor-inner-column elementor-element elementor-element-5e5e4ae\" data-id=\"5e5e4ae\" data-element_type=\"column\">\r\n\t\t\t<div class=\"elementor-widget-wrap elementor-element-populated\">\r\n\t\t\t\t\t\t\t\t<div class=\"elementor-element elementor-element-63c09e5 elementor-widget elementor-widget-image\" data-id=\"63c09e5\" data-element_type=\"widget\" data-widget_type=\"image.default\">\r\n\t\t\t\t<div class=\"elementor-widget-container\">\r\n\t\t\t\t\t\t\t\t\t\t\t\t\t\t\t<img loading=\"lazy\" decoding=\"async\" width=\"202\" height=\"203\" src=\"http:\/\/3.85.29.76\/wp-content\/uploads\/2023\/03\/iqnet.png\" class=\"attachment-large size-large\" alt=\"\" srcset=\"http:\/\/3.85.29.76\/wp-content\/uploads\/2023\/03\/iqnet.png 202w, http:\/\/3.85.29.76\/wp-content\/uploads\/2023\/03\/iqnet-150x150.png 150w\" sizes=\"auto, (max-width: 202px) 100vw, 202px\" \/>\t\t\t\t\t\t\t\t\t\t\t\t\t\t\t<\/div>\r\n\t\t\t\t<\/div>\r\n\t\t\t\t\t<\/div>\r\n\t\t<\/div>\r\n\t\t\t\t\t\t\t<\/div>\r\n\t\t<\/section>\r\n\t\t\t\t<div class=\"elementor-element elementor-element-1ac76e4 elementor-widget elementor-widget-spacer\" data-id=\"1ac76e4\" data-element_type=\"widget\" data-widget_type=\"spacer.default\">\r\n\t\t\t\t<div class=\"elementor-widget-container\">\r\n\t\t\t\t\t<div class=\"elementor-spacer\">\r\n\t\t\t<div class=\"elementor-spacer-inner\"><\/div>\r\n\t\t<\/div>\r\n\t\t\t\t<\/div>\r\n\t\t\t\t<\/div>\r\n\t\t\t\t\t<\/div>\r\n\t\t<\/div>\r\n\t\t\t\t<div class=\"elementor-column elementor-col-50 elementor-top-column elementor-element elementor-element-e14b913\" data-id=\"e14b913\" data-element_type=\"column\">\r\n\t\t\t<div class=\"elementor-widget-wrap elementor-element-populated\">\r\n\t\t\t\t\t\t\t\t<div class=\"elementor-element elementor-element-695c292 elementor-widget elementor-widget-image\" data-id=\"695c292\" data-element_type=\"widget\" data-widget_type=\"image.default\">\r\n\t\t\t\t<div class=\"elementor-widget-container\">\r\n\t\t\t\t\t\t\t\t\t\t\t\t\t\t\t<img loading=\"lazy\" decoding=\"async\" width=\"2560\" height=\"1707\" src=\"http:\/\/3.85.29.76\/wp-content\/uploads\/2022\/11\/FOTO_ENTRE_EM_CONTATO-scaled.jpg\" class=\"attachment-full size-full\" alt=\"\" srcset=\"http:\/\/3.85.29.76\/wp-content\/uploads\/2022\/11\/FOTO_ENTRE_EM_CONTATO-scaled.jpg 2560w, http:\/\/3.85.29.76\/wp-content\/uploads\/2022\/11\/FOTO_ENTRE_EM_CONTATO-300x200.jpg 300w, http:\/\/3.85.29.76\/wp-content\/uploads\/2022\/11\/FOTO_ENTRE_EM_CONTATO-1024x683.jpg 1024w, http:\/\/3.85.29.76\/wp-content\/uploads\/2022\/11\/FOTO_ENTRE_EM_CONTATO-768x512.jpg 768w, http:\/\/3.85.29.76\/wp-content\/uploads\/2022\/11\/FOTO_ENTRE_EM_CONTATO-1536x1024.jpg 1536w, http:\/\/3.85.29.76\/wp-content\/uploads\/2022\/11\/FOTO_ENTRE_EM_CONTATO-2048x1365.jpg 2048w\" sizes=\"auto, (max-width: 2560px) 100vw, 2560px\" \/>\t\t\t\t\t\t\t\t\t\t\t\t\t\t\t<\/div>\r\n\t\t\t\t<\/div>\r\n\t\t\t\t\t<\/div>\r\n\t\t<\/div>\r\n\t\t\t\t\t\t\t<\/div>\r\n\t\t<\/section>\r\n\t\t\t\t\t\t\t<\/div>\r\n\t\t","protected":false},"excerpt":{"rendered":"<p>Cadastro e Topografia Cadastro e topografia Composta por uma equipe multidisciplinar e liderada por Engenheiros Cart\u00f3grafos e Agrimensores, a HIPARC disp\u00f5em de experi\u00eancia s\u00f3lida e infraestrutura robusta para melhor atender os seus clientes nas demandas de: Cadastro T\u00e9cnico Multifinalit\u00e1rio Levantamentos Topogr\u00e1ficos conforme NBR 13.133 Georreferenciamento de Im\u00f3veis Rurais padr\u00e3o INCRA conforme lei 10.267 e suas [&hellip;]<\/p>\n","protected":false},"author":1,"featured_media":0,"parent":29,"menu_order":0,"comment_status":"closed","ping_status":"closed","template":"","meta":{"inline_featured_image":false,"footnotes":""},"class_list":["post-350","page","type-page","status-publish","hentry"],"_links":{"self":[{"href":"http:\/\/3.85.29.76\/index.php?rest_route=\/wp\/v2\/pages\/350","targetHints":{"allow":["GET"]}}],"collection":[{"href":"http:\/\/3.85.29.76\/index.php?rest_route=\/wp\/v2\/pages"}],"about":[{"href":"http:\/\/3.85.29.76\/index.php?rest_route=\/wp\/v2\/types\/page"}],"author":[{"embeddable":true,"href":"http:\/\/3.85.29.76\/index.php?rest_route=\/wp\/v2\/users\/1"}],"replies":[{"embeddable":true,"href":"http:\/\/3.85.29.76\/index.php?rest_route=%2Fwp%2Fv2%2Fcomments&post=350"}],"version-history":[{"count":61,"href":"http:\/\/3.85.29.76\/index.php?rest_route=\/wp\/v2\/pages\/350\/revisions"}],"predecessor-version":[{"id":1180,"href":"http:\/\/3.85.29.76\/index.php?rest_route=\/wp\/v2\/pages\/350\/revisions\/1180"}],"up":[{"embeddable":true,"href":"http:\/\/3.85.29.76\/index.php?rest_route=\/wp\/v2\/pages\/29"}],"wp:attachment":[{"href":"http:\/\/3.85.29.76\/index.php?rest_route=%2Fwp%2Fv2%2Fmedia&parent=350"}],"curies":[{"name":"wp","href":"https:\/\/api.w.org\/{rel}","templated":true}]}}